{"id":5619,"date":"2019-03-21T10:16:20","date_gmt":"2019-03-21T09:16:20","guid":{"rendered":"https:\/\/zikubitxiak.com\/?page_id=5619"},"modified":"2019-05-07T12:04:14","modified_gmt":"2019-05-07T10:04:14","slug":"anillos-pg-compra","status":"publish","type":"page","link":"https:\/\/zikubitxiak.com\/es\/anillos-pg-compra\/","title":{"rendered":"ANILLOS-P\u00c1GINA DE COMPRA"},"content":{"rendered":"<p>[vc_row full_width=\u00bbstretch_row_content_no_spaces\u00bb content_placement=\u00bbtop\u00bb][vc_column offset=\u00bbvc_hidden-xs\u00bb]<div class=\"mkdf-elements-holder   mkdf-one-column  mkdf-responsive-mode-768 \" ><div class=\"mkdf-eh-item    \"  data-item-class=\"mkdf-eh-custom-7871\" data-1367-1600=\"0px 40px\" data-1025-1366=\"0px 40px\" data-769-1024=\"0px 40px\" data-681-768=\"0px 20px\">\n\t<div class=\"mkdf-eh-item-inner\">\n\t\t<div class=\"mkdf-eh-item-content mkdf-eh-custom-7871\" >\n\t\t\t[vc_single_image image=\u00bb5991&#8243; img_size=\u00bbfull\u00bb alignment=\u00bbcenter\u00bb]\t\t<\/div>\n\t<\/div>\n<\/div><\/div>[\/vc_column][\/vc_row][vc_row full_width=\u00bbstretch_row_content_no_spaces\u00bb content_placement=\u00bbtop\u00bb][vc_column offset=\u00bbvc_hidden-lg vc_hidden-md vc_hidden-sm\u00bb]<div class=\"mkdf-elements-holder   mkdf-one-column  mkdf-responsive-mode-768 \" ><div class=\"mkdf-eh-item    \"  data-item-class=\"mkdf-eh-custom-2199\" data-1367-1600=\"0px 40px\" data-1025-1366=\"0px 40px\" data-769-1024=\"0px 40px\" data-681-768=\"0px 20px\">\n\t<div class=\"mkdf-eh-item-inner\">\n\t\t<div class=\"mkdf-eh-item-content mkdf-eh-custom-2199\" >\n\t\t\t[vc_single_image image=\u00bb6003&#8243; img_size=\u00bbfull\u00bb alignment=\u00bbcenter\u00bb]\t\t<\/div>\n\t<\/div>\n<\/div><\/div>[\/vc_column][\/vc_row][vc_row css=\u00bb.vc_custom_1552671362759{margin-top: 60px !important;padding-bottom: 50px !important;}\u00bb][vc_column offset=\u00bbvc_col-lg-6 vc_col-md-12&#8243;]<div class=\"mkdf-section-title-holder  mkdf-st-standard mkdf-st-title-left mkdf-st-normal-space \" >\n\t<div class=\"mkdf-st-inner\">\n\t\t\t\t\t<h3 class=\"mkdf-st-title\" >\n\t\t\t\tproceso de compra\t\t\t<\/h3>\n\t\t\t\t\t<\/div>\n<\/div>[\/vc_column][vc_column offset=\u00bbvc_col-lg-6 vc_col-md-12&#8243;]<div class=\"mkdf-elements-holder   mkdf-one-column  mkdf-responsive-mode-768 \" ><div class=\"mkdf-eh-item    \"  data-item-class=\"mkdf-eh-custom-3296\" data-769-1024=\"40px 0 0 0\" data-681-768=\"40px 0 0 0\" data-680=\"40px 0 0 0\">\n\t<div class=\"mkdf-eh-item-inner\">\n\t\t<div class=\"mkdf-eh-item-content mkdf-eh-custom-3296\" style=\"padding: 18px 0 0 0\">\n\t\t\t<div class=\"mkdf-section-title-holder  mkdf-st-standard mkdf-st-title-left mkdf-st-normal-space \" >\n\t<div class=\"mkdf-st-inner\">\n\t\t\t\t\t<h6 class=\"mkdf-st-title\" style=\"color: #000000\">\n\t\t\t\t1. RELLENA EL FORMULARIO\t\t\t<\/h6>\n\t\t\t\t\t\t\t<h6 class=\"mkdf-st-text\" style=\"color: #000000\">\n\t\t\t\tRellena el formulario que hay a continuaci\u00f3n, con el nombre de la pieza que quieres comprar, con tus datos de contacto y tu direcci\u00f3n de env\u00edo.\t\t\t<\/h6>\n\t\t\t<\/div>\n<\/div>[vc_empty_space]<div class=\"mkdf-section-title-holder  mkdf-st-standard mkdf-st-title-left mkdf-st-normal-space \" >\n\t<div class=\"mkdf-st-inner\">\n\t\t\t\t\t<h6 class=\"mkdf-st-title\" style=\"color: #000000\">\n\t\t\t\t2. TE MANDAMOS UN MAIL\t\t\t<\/h6>\n\t\t\t\t\t\t\t<h6 class=\"mkdf-st-text\" style=\"color: #000000\">\n\t\t\t\tTe mandamos un mail con el n\u00famero de cuenta bancaria para que puedas hacernos la transferencia.\t\t\t<\/h6>\n\t\t\t<\/div>\n<\/div>[vc_empty_space]<div class=\"mkdf-section-title-holder  mkdf-st-standard mkdf-st-title-left mkdf-st-normal-space \" >\n\t<div class=\"mkdf-st-inner\">\n\t\t\t\t\t<h6 class=\"mkdf-st-title\" style=\"color: #000000\">\n\t\t\t\t3. ENV\u00cdO DE LA PIEZA\t\t\t<\/h6>\n\t\t\t\t\t\t\t<h6 class=\"mkdf-st-text\" style=\"color: #000000\">\n\t\t\t\tUna vez realizada la transferencia, te enviamos la pieza a la direcci\u00f3n que nos has indicado en el formulario.<br \/>\nGastos de env\u00edo (* estas tarifas pueden tener modificaciones)<br \/>\n- Nacional ( incluido Canarias): 5 \u20ac<br \/>\n- Internacional Europa: 10,50 \u20ac<br \/>\n- Resto de pa\u00edses: 18 \u20ac\t\t\t<\/h6>\n\t\t\t<\/div>\n<\/div>[vc_empty_space]<div class=\"mkdf-section-title-holder  mkdf-st-standard mkdf-st-title-left mkdf-st-normal-space \" >\n\t<div class=\"mkdf-st-inner\">\n\t\t\t\t\t<h6 class=\"mkdf-st-title\" style=\"color: #000000\">\n\t\t\t\t4. CONSULTAS\t\t\t<\/h6>\n\t\t\t\t\t\t\t<h6 class=\"mkdf-st-text\" style=\"color: #000000\">\n\t\t\t\tPara cualquier duda o consulta, tienes mis datos de contacto al final de la p\u00e1gina.\t\t\t<\/h6>\n\t\t\t<\/div>\n<\/div>\t\t<\/div>\n\t<\/div>\n<\/div><\/div>[\/vc_column][\/vc_row][vc_row css=\u00bb.vc_custom_1552671362759{margin-top: 60px !important;padding-bottom: 50px !important;}\u00bb][vc_column offset=\u00bbvc_col-lg-6 vc_col-md-12&#8243;]<div class=\"mkdf-section-title-holder  mkdf-st-standard mkdf-st-title-left mkdf-st-normal-space \" >\n\t<div class=\"mkdf-st-inner\">\n\t\t\t\t\t<h3 class=\"mkdf-st-title\" >\n\t\t\t\trellena el formulario\t\t\t<\/h3>\n\t\t\t\t\t<\/div>\n<\/div>[\/vc_column][vc_column offset=\u00bbvc_col-lg-6 vc_col-md-12&#8243;]<div class=\"mkdf-elements-holder   mkdf-one-column  mkdf-responsive-mode-768 \" ><div class=\"mkdf-eh-item    \"  data-item-class=\"mkdf-eh-custom-3984\" data-769-1024=\"40px 0 0 0\" data-681-768=\"40px 0 0 0\" data-680=\"40px 0 0 0\">\n\t<div class=\"mkdf-eh-item-inner\">\n\t\t<div class=\"mkdf-eh-item-content mkdf-eh-custom-3984\" style=\"padding: 18px 0 0 0\">\n\t\t\t\n<div class=\"wpcf7 no-js\" id=\"wpcf7-f5618-o1\" lang=\"en-GB\" dir=\"ltr\" data-wpcf7-id=\"5618\">\n<div class=\"screen-reader-response\"><p role=\"status\" aria-live=\"polite\" aria-atomic=\"true\"><\/p> <ul><\/ul><\/div>\n<form action=\"\/es\/wp-json\/wp\/v2\/pages\/5619#wpcf7-f5618-o1\" method=\"post\" class=\"wpcf7-form init\" aria-label=\"Contact form\" novalidate=\"novalidate\" data-status=\"init\">\n<fieldset class=\"hidden-fields-container\"><input type=\"hidden\" name=\"_wpcf7\" value=\"5618\" \/><input type=\"hidden\" name=\"_wpcf7_version\" value=\"6.1.5\" \/><input type=\"hidden\" name=\"_wpcf7_locale\" value=\"en_GB\" \/><input type=\"hidden\" name=\"_wpcf7_unit_tag\" value=\"wpcf7-f5618-o1\" \/><input type=\"hidden\" name=\"_wpcf7_container_post\" value=\"0\" \/><input type=\"hidden\" name=\"_wpcf7_posted_data_hash\" value=\"\" \/><input type=\"hidden\" name=\"_wpcf7_recaptcha_response\" value=\"\" \/>\n<\/fieldset>\n<p><label class=\"label_form\">1. Escoge tu pieza en la lista<\/label><br \/>\n<span class=\"wpcf7-form-control-wrap\" data-name=\"ANILLOS\"><select class=\"wpcf7-form-control wpcf7-select wpcf7-validates-as-required\" aria-required=\"true\" aria-invalid=\"false\" name=\"ANILLOS\"><option value=\"haz click y escoge tu pieza de la lista\">haz click y escoge tu pieza de la lista<\/option><option value=\"Bideak\">Bideak<\/option><option value=\"Sortu\">Sortu<\/option><option value=\"Lagun\">Lagun<\/option><option value=\"Lurra\">Lurra<\/option><option value=\"Iru\">Iru<\/option><option value=\"Korapillo\">Korapillo<\/option><option value=\"Zero\">Zero<\/option><option value=\"Espiral\">Espiral<\/option><option value=\"Lore\">Lore<\/option><option value=\"Nora\">Nora<\/option><option value=\"Txulo\">Txulo<\/option><\/select><\/span>\n<\/p>\n<p><label class=\"label_form\">2. Datos de contacto<\/label><br \/>\n<span class=\"wpcf7-form-control-wrap\" data-name=\"NOMBRE\"><input size=\"40\" maxlength=\"400\" class=\"wpcf7-form-control wpcf7-text wpcf7-validates-as-required\" aria-required=\"true\" aria-invalid=\"false\" placeholder=\"nombre\" value=\"\" type=\"text\" name=\"NOMBRE\" \/><\/span><br \/>\n<span class=\"wpcf7-form-control-wrap\" data-name=\"APELLIDOS\"><input size=\"40\" maxlength=\"400\" class=\"wpcf7-form-control wpcf7-text wpcf7-validates-as-required\" aria-required=\"true\" aria-invalid=\"false\" placeholder=\"apellidos\" value=\"\" type=\"text\" name=\"APELLIDOS\" \/><\/span><br \/>\n<span class=\"wpcf7-form-control-wrap\" data-name=\"EMAIL\"><input size=\"40\" maxlength=\"400\" class=\"wpcf7-form-control wpcf7-email wpcf7-validates-as-required wpcf7-text wpcf7-validates-as-email\" aria-required=\"true\" aria-invalid=\"false\" placeholder=\"email\" value=\"\" type=\"email\" name=\"EMAIL\" \/><\/span><br \/>\n<span class=\"wpcf7-form-control-wrap\" data-name=\"telf\"><input size=\"40\" maxlength=\"400\" class=\"wpcf7-form-control wpcf7-tel wpcf7-validates-as-required wpcf7-text wpcf7-validates-as-tel\" aria-required=\"true\" aria-invalid=\"false\" placeholder=\"tel\u00e9fono\" value=\"\" type=\"tel\" name=\"telf\" \/><\/span>\n<\/p>\n<p><label class=\"label_form\">3. Direcci\u00f3n de env\u00edo<\/label><br \/>\n<span class=\"wpcf7-form-control-wrap\" data-name=\"CALLE\"><input size=\"40\" maxlength=\"400\" class=\"wpcf7-form-control wpcf7-text wpcf7-validates-as-required\" aria-required=\"true\" aria-invalid=\"false\" placeholder=\"calle\" value=\"\" type=\"text\" name=\"CALLE\" \/><\/span><br \/>\n<span class=\"wpcf7-form-control-wrap\" data-name=\"POBLACION\"><input size=\"40\" maxlength=\"400\" class=\"wpcf7-form-control wpcf7-text wpcf7-validates-as-required\" aria-required=\"true\" aria-invalid=\"false\" placeholder=\"poblaci\u00f3n\" value=\"\" type=\"text\" name=\"POBLACION\" \/><\/span><br \/>\n<span class=\"wpcf7-form-control-wrap\" data-name=\"CP\"><input size=\"40\" maxlength=\"400\" class=\"wpcf7-form-control wpcf7-text wpcf7-validates-as-required\" aria-required=\"true\" aria-invalid=\"false\" placeholder=\"c\u00f3digo postal\" value=\"\" type=\"text\" name=\"CP\" \/><\/span><br \/>\n<span class=\"wpcf7-form-control-wrap\" data-name=\"PROVINCIA\"><input size=\"40\" maxlength=\"400\" class=\"wpcf7-form-control wpcf7-text\" aria-invalid=\"false\" placeholder=\"provincia\" value=\"\" type=\"text\" name=\"PROVINCIA\" \/><\/span><br \/>\n<span class=\"wpcf7-form-control-wrap\" data-name=\"PAIS\"><input size=\"40\" maxlength=\"400\" class=\"wpcf7-form-control wpcf7-text wpcf7-validates-as-required\" aria-required=\"true\" aria-invalid=\"false\" placeholder=\"pa\u00eds\" value=\"\" type=\"text\" name=\"PAIS\" \/><\/span>\n<\/p>\n<p><button class=\"wpcf7-form-control wpcf7-submit mkdf-btn mkdf-btn-medium mkdf-btn-outline mkdf-btn-icon\" type=\"submit\"><span class=\"mkdf-btn-text\">Enviar<\/span><\/button>\n<\/p><div class=\"wpcf7-response-output\" aria-hidden=\"true\"><\/div>\n<\/form>\n<\/div>\n\t\t<\/div>\n\t<\/div>\n<\/div><\/div>[\/vc_column][\/vc_row][vc_row css=\u00bb.vc_custom_1543824773610{padding-top: 43px !important;padding-bottom: 103px !important;}\u00bb][vc_column offset=\u00bbvc_col-lg-6 vc_col-md-12&#8243;]<div class=\"mkdf-elements-holder   mkdf-one-column  mkdf-responsive-mode-768 \" ><div class=\"mkdf-eh-item    \"  data-item-class=\"mkdf-eh-custom-7281\">\n\t<div class=\"mkdf-eh-item-inner\">\n\t\t<div class=\"mkdf-eh-item-content mkdf-eh-custom-7281\" style=\"padding: 21px 0 0 0\">\n\t\t\t<div class=\"mkdf-section-title-holder  mkdf-st-standard mkdf-st-title-left mkdf-st-normal-space \" >\n\t<div class=\"mkdf-st-inner\">\n\t\t\t\t\t<h3 class=\"mkdf-st-title\" >\n\t\t\t\tponte en contacto\t\t\t<\/h3>\n\t\t\t\t\t<\/div>\n<\/div>\t\t<\/div>\n\t<\/div>\n<\/div><\/div>[\/vc_column][vc_column offset=\u00bbvc_col-lg-6 vc_col-md-12&#8243;][vc_column_text el_class=\u00bbhover-links-underline\u00bb]<\/p>\n<h4><a href=\"mailto:info@zikubitxiak.com\">info@zikubitxiak.com<\/a><\/h4>\n<p>[\/vc_column_text][vc_empty_space height=\u00bb48px\u00bb]<div class=\"mkdf-separator-holder clearfix  mkdf-separator-left \">\n\t<div class=\"mkdf-separator\" style=\"border-color: #0a0a0a;border-style: solid;width: 17px;border-bottom-width: 2px\"><\/div>\n<\/div>\n[vc_empty_space height=\u00bb19px\u00bb][vc_column_text el_class=\u00bbhover-links-underline\u00bb]<\/p>\n<h4><a href=\"tel:+00958856650\">+34 600 565 781<\/a><\/h4>\n<p>[\/vc_column_text][vc_empty_space height=\u00bb47px\u00bb]<div class=\"mkdf-separator-holder clearfix  mkdf-separator-left \">\n\t<div class=\"mkdf-separator\" style=\"border-color: #0a0a0a;border-style: solid;width: 17px;border-bottom-width: 2px\"><\/div>\n<\/div>\n[vc_empty_space height=\u00bb22px\u00bb][vc_column_text el_class=\u00bbhover-links-underline\u00bb]<\/p>\n<h4><a href=\"https:\/\/www.google.es\/maps\/place\/Barrio+Ziku%C3%B1aga,+31,+20120+Hernani,+Guip%C3%BAzcoa\/@43.2628249,-1.9702995,17z\/data=!3m1!4b1!4m5!3m4!1s0xd51ae478dcc4161:0x1a7391a34c79f4c8!8m2!3d43.2628249!4d-1.9681108\" target=\"_blank\" rel=\"noopener\">Ziku\u00f1aga Bailara, 31<br \/>\n20.120 Hernani (Gipuzkoa)<\/a><\/h4>\n<p>[\/vc_column_text][vc_empty_space height=\u00bb47px\u00bb]<div class=\"mkdf-separator-holder clearfix  mkdf-separator-left \">\n\t<div class=\"mkdf-separator\" style=\"border-color: #0a0a0a;border-style: solid;width: 17px;border-bottom-width: 2px\"><\/div>\n<\/div>\n[vc_empty_space height=\u00bb22px\u00bb][vc_column_text el_class=\u00bbhover-links-underline\u00bb]<\/p>\n<h4><a href=\"https:\/\/www.instagram.com\/zikubitxiak_jewelry\/?hl=es\" target=\"_blank\" rel=\"noopener\">instagram<\/a><br \/>\n<a href=\"https:\/\/www.facebook.com\/zikubitxiak\/\" target=\"_blank\" rel=\"noopener\">facebook<\/a><\/h4>\n<p>[\/vc_column_text][\/vc_column][\/vc_row]<\/p>\n","protected":false},"excerpt":{"rendered":"<p> [&hellip;]<\/p>\n","protected":false},"author":1,"featured_media":0,"parent":0,"menu_order":0,"comment_status":"closed","ping_status":"closed","template":"","meta":{"footnotes":""},"class_list":["post-5619","page","type-page","status-publish","hentry"],"yoast_head":"<!-- This site is optimized with the Yoast SEO plugin v26.8 - https:\/\/yoast.com\/product\/yoast-seo-wordpress\/ -->\n<title>ANILLOS-P\u00c1GINA DE COMPRA - Ziku bitxiak<\/title>\n<meta name=\"description\" content=\"Anillos de plata hechos a mano. Proceso de compra\" \/>\n<meta name=\"robots\" content=\"index, follow, max-snippet:-1, max-image-preview:large, max-video-preview:-1\" \/>\n<link rel=\"canonical\" href=\"https:\/\/zikubitxiak.com\/es\/anillos-pg-compra\/\" \/>\n<meta property=\"og:locale\" content=\"es_ES\" \/>\n<meta property=\"og:type\" content=\"article\" \/>\n<meta property=\"og:title\" content=\"ANILLOS-P\u00c1GINA DE COMPRA - Ziku bitxiak\" \/>\n<meta property=\"og:description\" content=\"Anillos de plata hechos a mano. Proceso de compra\" \/>\n<meta property=\"og:url\" content=\"https:\/\/zikubitxiak.com\/es\/anillos-pg-compra\/\" \/>\n<meta property=\"og:site_name\" content=\"Ziku bitxiak\" \/>\n<meta property=\"article:publisher\" content=\"https:\/\/www.facebook.com\/zikubitxiak\/\" \/>\n<meta property=\"article:modified_time\" content=\"2019-05-07T10:04:14+00:00\" \/>\n<meta name=\"twitter:card\" content=\"summary_large_image\" \/>\n<meta name=\"twitter:label1\" content=\"Tiempo de lectura\" \/>\n\t<meta name=\"twitter:data1\" content=\"4 minutos\" \/>\n<script type=\"application\/ld+json\" class=\"yoast-schema-graph\">{\"@context\":\"https:\/\/schema.org\",\"@graph\":[{\"@type\":\"WebPage\",\"@id\":\"https:\/\/zikubitxiak.com\/es\/anillos-pg-compra\/\",\"url\":\"https:\/\/zikubitxiak.com\/es\/anillos-pg-compra\/\",\"name\":\"ANILLOS-P\u00c1GINA DE COMPRA - Ziku bitxiak\",\"isPartOf\":{\"@id\":\"https:\/\/zikubitxiak.com\/#website\"},\"datePublished\":\"2019-03-21T09:16:20+00:00\",\"dateModified\":\"2019-05-07T10:04:14+00:00\",\"description\":\"Anillos de plata hechos a mano. Proceso de compra\",\"breadcrumb\":{\"@id\":\"https:\/\/zikubitxiak.com\/es\/anillos-pg-compra\/#breadcrumb\"},\"inLanguage\":\"es\",\"potentialAction\":[{\"@type\":\"ReadAction\",\"target\":[\"https:\/\/zikubitxiak.com\/es\/anillos-pg-compra\/\"]}]},{\"@type\":\"BreadcrumbList\",\"@id\":\"https:\/\/zikubitxiak.com\/es\/anillos-pg-compra\/#breadcrumb\",\"itemListElement\":[{\"@type\":\"ListItem\",\"position\":1,\"name\":\"Home\",\"item\":\"https:\/\/zikubitxiak.com\/es\/\"},{\"@type\":\"ListItem\",\"position\":2,\"name\":\"ANILLOS-P\u00c1GINA DE COMPRA\"}]},{\"@type\":\"WebSite\",\"@id\":\"https:\/\/zikubitxiak.com\/#website\",\"url\":\"https:\/\/zikubitxiak.com\/\",\"name\":\"Ziku bitxiak\",\"description\":\"eskuz egindako bitxiak. Joyer\u00eda artesanal\",\"potentialAction\":[{\"@type\":\"SearchAction\",\"target\":{\"@type\":\"EntryPoint\",\"urlTemplate\":\"https:\/\/zikubitxiak.com\/?s={search_term_string}\"},\"query-input\":{\"@type\":\"PropertyValueSpecification\",\"valueRequired\":true,\"valueName\":\"search_term_string\"}}],\"inLanguage\":\"es\"}]}<\/script>\n<!-- \/ Yoast SEO plugin. -->","yoast_head_json":{"title":"ANILLOS-P\u00c1GINA DE COMPRA - Ziku bitxiak","description":"Anillos de plata hechos a mano. Proceso de compra","robots":{"index":"index","follow":"follow","max-snippet":"max-snippet:-1","max-image-preview":"max-image-preview:large","max-video-preview":"max-video-preview:-1"},"canonical":"https:\/\/zikubitxiak.com\/es\/anillos-pg-compra\/","og_locale":"es_ES","og_type":"article","og_title":"ANILLOS-P\u00c1GINA DE COMPRA - Ziku bitxiak","og_description":"Anillos de plata hechos a mano. Proceso de compra","og_url":"https:\/\/zikubitxiak.com\/es\/anillos-pg-compra\/","og_site_name":"Ziku bitxiak","article_publisher":"https:\/\/www.facebook.com\/zikubitxiak\/","article_modified_time":"2019-05-07T10:04:14+00:00","twitter_card":"summary_large_image","twitter_misc":{"Tiempo de lectura":"4 minutos"},"schema":{"@context":"https:\/\/schema.org","@graph":[{"@type":"WebPage","@id":"https:\/\/zikubitxiak.com\/es\/anillos-pg-compra\/","url":"https:\/\/zikubitxiak.com\/es\/anillos-pg-compra\/","name":"ANILLOS-P\u00c1GINA DE COMPRA - Ziku bitxiak","isPartOf":{"@id":"https:\/\/zikubitxiak.com\/#website"},"datePublished":"2019-03-21T09:16:20+00:00","dateModified":"2019-05-07T10:04:14+00:00","description":"Anillos de plata hechos a mano. Proceso de compra","breadcrumb":{"@id":"https:\/\/zikubitxiak.com\/es\/anillos-pg-compra\/#breadcrumb"},"inLanguage":"es","potentialAction":[{"@type":"ReadAction","target":["https:\/\/zikubitxiak.com\/es\/anillos-pg-compra\/"]}]},{"@type":"BreadcrumbList","@id":"https:\/\/zikubitxiak.com\/es\/anillos-pg-compra\/#breadcrumb","itemListElement":[{"@type":"ListItem","position":1,"name":"Home","item":"https:\/\/zikubitxiak.com\/es\/"},{"@type":"ListItem","position":2,"name":"ANILLOS-P\u00c1GINA DE COMPRA"}]},{"@type":"WebSite","@id":"https:\/\/zikubitxiak.com\/#website","url":"https:\/\/zikubitxiak.com\/","name":"Ziku bitxiak","description":"eskuz egindako bitxiak. Joyer\u00eda artesanal","potentialAction":[{"@type":"SearchAction","target":{"@type":"EntryPoint","urlTemplate":"https:\/\/zikubitxiak.com\/?s={search_term_string}"},"query-input":{"@type":"PropertyValueSpecification","valueRequired":true,"valueName":"search_term_string"}}],"inLanguage":"es"}]}},"_links":{"self":[{"href":"https:\/\/zikubitxiak.com\/es\/wp-json\/wp\/v2\/pages\/5619","targetHints":{"allow":["GET"]}}],"collection":[{"href":"https:\/\/zikubitxiak.com\/es\/wp-json\/wp\/v2\/pages"}],"about":[{"href":"https:\/\/zikubitxiak.com\/es\/wp-json\/wp\/v2\/types\/page"}],"author":[{"embeddable":true,"href":"https:\/\/zikubitxiak.com\/es\/wp-json\/wp\/v2\/users\/1"}],"replies":[{"embeddable":true,"href":"https:\/\/zikubitxiak.com\/es\/wp-json\/wp\/v2\/comments?post=5619"}],"version-history":[{"count":0,"href":"https:\/\/zikubitxiak.com\/es\/wp-json\/wp\/v2\/pages\/5619\/revisions"}],"wp:attachment":[{"href":"https:\/\/zikubitxiak.com\/es\/wp-json\/wp\/v2\/media?parent=5619"}],"curies":[{"name":"wp","href":"https:\/\/api.w.org\/{rel}","templated":true}]}}